{"id":3224,"date":"2025-04-29T07:23:22","date_gmt":"2025-04-29T06:23:22","guid":{"rendered":"https:\/\/stickler.live\/?page_id=3224"},"modified":"2025-06-02T04:58:13","modified_gmt":"2025-06-02T03:58:13","slug":"tiktoks-potencialmente-se-move-para-viagens-o-comercio-social-evolui-para-alem-do-varejo","status":"publish","type":"page","link":"https:\/\/stickler.live\/br\/tiktoks-potential-move-into-travel-social-commerce-evolves-beyond-retail\/","title":{"rendered":"Mudan\u00e7as estrat\u00e9gicas da TikTok para o setor de viagens e muito mais: Evolu\u00e7\u00e3o do com\u00e9rcio social al\u00e9m do varejo"},"content":{"rendered":"\n<p class=\"pb__8 wp-block-paragraph\">We look at TikTok&#8217;s sister app, Douyin, along with TikTok&#8217;s hiring, trademark applications and results in China from their launches in Travel, Food and ancillary services like BNPL to get an understanding of what happens next in the global expansion of Social Commerce outside China.<\/p>\n\n\n\n<p class=\"pb__8 wp-block-paragraph\">At Stickler, we specialize in helping brands, agencies, and sellers succeed in this shift. Our technology is purpose-built for the new era of live and social commerce, enabling businesses to sell more effectively across platforms like TikTok, Instagram, and others where traditional e-commerce models no longer apply &#8211; no matter the vertical. <\/p>\n\n\n\n<figure class=\"wp-block-image size-large\"><img decoding=\"async\" data-attachment-id=\"3247\" data-permalink=\"https:\/\/stickler.live\/br\/tiktoks-potential-move-into-travel-social-commerce-evolves-beyond-retail\/tiktok-douyin-move-to-global-travel-social-commerce-copy\/\" data-orig-file=\"https:\/\/stickler.live\/wp-content\/uploads\/2025\/04\/TikTok-Douyin-Move-to-global-travel-social-commerce-copy.png\" data-orig-size=\"1967,912\" data-comments-opened=\"1\" data-image-meta=\"{&quot;aperture&quot;:&quot;0&quot;,&quot;credit&quot;:&quot;&quot;,&quot;camera&quot;:&quot;&quot;,&quot;caption&quot;:&quot;&quot;,&quot;created_timestamp&quot;:&quot;0&quot;,&quot;copyright&quot;:&quot;&quot;,&quot;focal_length&quot;:&quot;0&quot;,&quot;iso&quot;:&quot;0&quot;,&quot;shutter_speed&quot;:&quot;0&quot;,&quot;title&quot;:&quot;&quot;,&quot;orientation&quot;:&quot;0&quot;}\" data-image-title=\"TikTok Douyin Move to global travel social commerce copy\" data-image-description=\"\" data-image-caption=\"\" data-large-file=\"https:\/\/stickler.live\/wp-content\/uploads\/2025\/04\/TikTok-Douyin-Move-to-global-travel-social-commerce-copy.png\" data-src=\"https:\/\/stickler.live\/wp-content\/uploads\/2025\/04\/TikTok-Douyin-Move-to-global-travel-social-commerce-copy-1024x475.png\" alt=\"Graphic comparing Douyin and TikTok, featuring a mobile screen displaying a scenic view with a 'BUY NOW' button, surrounded by iconic landmarks from China and other countries.\" class=\"wp-image-3247 lazyload\" src=\"data:image\/svg+xml;base64,PHN2ZyB3aWR0aD0iMSIgaGVpZ2h0PSIxIiB4bWxucz0iaHR0cDovL3d3dy53My5vcmcvMjAwMC9zdmciPjwvc3ZnPg==\" style=\"--smush-placeholder-width: 1024px; --smush-placeholder-aspect-ratio: 1024\/475;\" \/><\/figure>\n\n\n\n<p class=\"wp-block-paragraph\">Register below and we&#8217;ll send you our research paper on what we believe could be the next step of Social Commerce Evolution.<\/p>\n\n\n<div class='fluentform ff-default fluentform_wrapper_2  ff_guten_block ff_guten_block-2 ffs_default_wrap'><form data-form_id=\"2\" id=\"fluentform_2\" class=\"frm-fluent-form fluent_form_2 ff-el-form-top ff_form_instance_2_1 ff-form-loading ffs_default\" data-form_instance=\"ff_form_instance_2_1\" method=\"POST\" ><fieldset  style=\"border: none!important;margin: 0!important;padding: 0!important;background-color: transparent!important;box-shadow: none!important;outline: none!important; min-inline-size: 100%;\">\n                    <legend class=\"ff_screen_reader_title\" style=\"display: block; margin: 0!important;padding: 0!important;height: 0!important;text-indent: -999999px;width: 0!important;overflow:hidden;\">Subscription Form<\/legend><p style=\"display: none !important;\" class=\"akismet-fields-container\" data-prefix=\"ak_\"><label>&#916;<textarea name=\"ak_hp_textarea\" cols=\"45\" rows=\"8\" maxlength=\"100\"><\/textarea><\/label><input type=\"hidden\" id=\"ak_js_1\" name=\"ak_js\" value=\"158\"\/><script>\ndocument.getElementById( \"ak_js_1\" ).setAttribute( \"value\", ( new Date() ).getTime() );\n<\/script>\n<\/p><input type='hidden' name='__fluent_form_embded_post_id' value='3224' \/><input type=\"hidden\" id=\"_fluentform_2_fluentformnonce\" name=\"_fluentform_2_fluentformnonce\" value=\"e6bb0e7763\" \/><input type=\"hidden\" name=\"_wp_http_referer\" value=\"\/br\/wp-json\/wp\/v2\/pages\/3224\" \/><div data-type=\"name-element\" data-name=\"names\" class=\" ff-field_container ff-name-field-wrapper\" ><div class='ff-t-container'><div class='ff-t-cell '><div class='ff-el-group ff-el-form-top'><div class=\"ff-el-input--label ff-el-is-required asterisk-right\"><label for='ff_2_names_first_name_' id='label_ff_2_names_first_name_' >First Name<\/label><\/div><div class='ff-el-input--content'><input type=\"text\" name=\"names[first_name]\" id=\"ff_2_names_first_name_\" class=\"ff-el-form-control\" placeholder=\"Enter Your First Name\" aria-invalid=\"false\" aria-required=true><\/div><\/div><\/div><div class='ff-t-cell '><div class='ff-el-group ff-el-form-top'><div class=\"ff-el-input--label ff-el-is-required asterisk-right\"><label for='ff_2_names_last_name_' id='label_ff_2_names_last_name_' >Last Name<\/label><\/div><div class='ff-el-input--content'><input type=\"text\" name=\"names[last_name]\" id=\"ff_2_names_last_name_\" class=\"ff-el-form-control\" placeholder=\"Enter Your Last Name\" aria-invalid=\"false\" aria-required=true><\/div><\/div><\/div><\/div><\/div><div data-name=\"ff_cn_id_1\"  class='ff-t-container ff-column-container ff_columns_total_2 '><div class='ff-t-cell ff-t-column-1' style='flex-basis: 90%;'><div class='ff-el-group'><div class=\"ff-el-input--label ff-el-is-required asterisk-right\"><label for='ff_2_email' id='label_ff_2_email' aria-label=\"Email\">Email<\/label><\/div><div class='ff-el-input--content'><input type=\"email\" name=\"email\" id=\"ff_2_email\" class=\"ff-el-form-control\" placeholder=\"Enter Your Email Address\" data-name=\"email\"  aria-invalid=\"false\" aria-required=true><\/div><\/div><\/div><div class='ff-t-cell ff-t-column-2' style='flex-basis: 10%;'><\/div><\/div><div class='ff-el-group'><div class=\"ff-el-input--label ff-el-is-required asterisk-right\"><label for='ff_2_numeric_field' id='label_ff_2_numeric_field' aria-label=\"Contact Number\">Contact Number<\/label><\/div><div class='ff-el-input--content'><input type=\"number\" name=\"numeric_field\" id=\"ff_2_numeric_field\" class=\"ff-el-form-control\" placeholder=\"Enter Your Contact Number\" data-name=\"numeric_field\" inputmode=\"numeric\" step=\"any\"  aria-invalid=\"false\" aria-required=true><\/div><\/div><div class='ff-el-group'><div class=\"ff-el-input--label ff-el-is-required asterisk-right\"><label for='ff_2_input_text' id='label_ff_2_input_text' aria-label=\"Company Name\">Company Name<\/label><\/div><div class='ff-el-input--content'><input type=\"text\" name=\"input_text\" class=\"ff-el-form-control\" placeholder=\"Enter The Name of Your Current Company\" data-name=\"input_text\" id=\"ff_2_input_text\"  aria-invalid=\"false\" aria-required=true><\/div><\/div><div class='ff-el-group'><div class=\"ff-el-input--label ff-el-is-required asterisk-right\"><label for='ff_2_input_text_1' id='label_ff_2_input_text_1' aria-label=\"Job Title\">Job Title<\/label><\/div><div class='ff-el-input--content'><input type=\"text\" name=\"input_text_1\" class=\"ff-el-form-control\" placeholder=\"Enter Your Job Title\" data-name=\"input_text_1\" id=\"ff_2_input_text_1\"  aria-invalid=\"false\" aria-required=true><\/div><\/div><div class='ff-el-group'><div class=\"ff-el-input--label asterisk-right\"><label for='ff_2_input_text_2' id='label_ff_2_input_text_2' aria-label=\"Company URL\">Company URL<\/label><\/div><div class='ff-el-input--content'><input type=\"text\" name=\"input_text_2\" class=\"ff-el-form-control\" data-name=\"input_text_2\" id=\"ff_2_input_text_2\"  aria-invalid=\"false\" aria-required=false><\/div><\/div><div class='ff-el-group ff-text-left ff_submit_btn_wrapper'><button type=\"submit\" class=\"ff-btn ff-btn-submit ff-btn-md ff_btn_style\"  aria-label=\"Submit\">Submit<\/button><\/div><\/fieldset><\/form><div id='fluentform_2_errors' class='ff-errors-in-stack ff_form_instance_2_1 ff-form-loading_errors ff_form_instance_2_1_errors'><\/div><\/div>            <script type=\"text\/javascript\">\n                window.fluent_form_ff_form_instance_2_1 = {\"id\":\"2\",\"ajaxUrl\":\"https:\\\/\\\/stickler.live\\\/wp-admin\\\/admin-ajax.php\",\"settings\":{\"layout\":{\"labelPlacement\":\"top\",\"helpMessagePlacement\":\"with_label\",\"errorMessagePlacement\":\"inline\",\"asteriskPlacement\":\"asterisk-right\"},\"restrictions\":{\"denyEmptySubmission\":{\"enabled\":false}}},\"form_instance\":\"ff_form_instance_2_1\",\"form_id_selector\":\"fluentform_2\",\"rules\":{\"names[first_name]\":{\"required\":{\"value\":true,\"message\":\"Este campo \\u00e9 obrigat\\u00f3rio\",\"global_message\":\"This field is required\",\"global\":true}},\"names[middle_name]\":{\"required\":{\"value\":false,\"message\":\"Este campo \\u00e9 obrigat\\u00f3rio\",\"global_message\":\"This field is required\",\"global\":true}},\"names[last_name]\":{\"required\":{\"value\":true,\"message\":\"Este campo \\u00e9 obrigat\\u00f3rio\",\"global_message\":\"This field is required\",\"global\":true}},\"email\":{\"required\":{\"value\":true,\"message\":\"This field is required\",\"global\":false,\"global_message\":\"This field is required\"},\"email\":{\"value\":true,\"message\":\"This field must contain a valid email\",\"global\":false,\"global_message\":\"This field must contain a valid email\"}},\"numeric_field\":{\"required\":{\"value\":true,\"message\":\"Este campo \\u00e9 obrigat\\u00f3rio\",\"global_message\":\"This field is required\",\"global\":true},\"numeric\":{\"value\":true,\"message\":\"Este campo deve conter valor num\\u00e9rico\",\"global_message\":\"This field must contain numeric value\",\"global\":true},\"min\":{\"value\":\"\",\"message\":\"A valida\\u00e7\\u00e3o falhou para o valor m\\u00ednimo\",\"global_message\":\"Validation fails for minimum value\",\"global\":true},\"max\":{\"value\":\"\",\"message\":\"A valida\\u00e7\\u00e3o falha para o valor m\\u00e1ximo\",\"global_message\":\"Validation fails for maximum value\",\"global\":true},\"digits\":{\"value\":\"\",\"message\":\"A valida\\u00e7\\u00e3o falhou devido aos caracteres restritos\",\"global_message\":\"Validation fails for limited digits\",\"global\":true}},\"input_text\":{\"required\":{\"value\":true,\"message\":\"Este campo \\u00e9 obrigat\\u00f3rio\",\"global_message\":\"This field is required\",\"global\":true}},\"input_text_1\":{\"required\":{\"value\":true,\"message\":\"Este campo \\u00e9 obrigat\\u00f3rio\",\"global_message\":\"This field is required\",\"global\":true}},\"input_text_2\":{\"required\":{\"value\":false,\"message\":\"Este campo \\u00e9 obrigat\\u00f3rio\",\"global_message\":\"This field is required\",\"global\":true}}},\"debounce_time\":300};\n                            <\/script>\n            ","protected":false},"excerpt":{"rendered":"<p>We look at TikTok&#8217;s sister app, Douyin, along with TikTok&#8217;s hiring, trademark applications and results in China from their launches in Travel, Food and ancillary services like BNPL to get an understanding of what happens next in the global expansion of Social Commerce outside China. At Stickler, we specialize in helping brands, agencies, and sellers [&hellip;]<\/p>\n","protected":false},"author":241416937,"featured_media":3244,"parent":0,"menu_order":0,"comment_status":"open","ping_status":"closed","template":"","meta":{"_crdt_document":"","footnotes":""},"class_list":["post-3224","page","type-page","status-publish","has-post-thumbnail","hentry"],"jetpack_likes_enabled":true,"jetpack_sharing_enabled":true,"jetpack-related-posts":[{"id":2695,"url":"https:\/\/stickler.live\/br\/tiktok-shop-live-stream-analytics\/","url_meta":{"origin":3224,"position":0},"title":"An\u00e1lise de transmiss\u00f5es ao vivo da TikTok Shop","author":"Yongman","date":"27th novembro 2024","format":false,"excerpt":"Desbloqueie todo o potencial de suas transmiss\u00f5es ao vivo do TikTok Shop Comece a usar GRATUITAMENTE Entre em contato conosco N\u00e3o \u00e9 necess\u00e1rio cart\u00e3o de cr\u00e9dito Otimize sua estrat\u00e9gia de com\u00e9rcio ao vivo com a integra\u00e7\u00e3o avan\u00e7ada do TikTok Shop da Stickler, fornecendo insights incompar\u00e1veis sobre o desempenho de sua transmiss\u00e3o ao vivo. Pronto para transformar sua estrat\u00e9gia de TikTok Shop? Saiba como o sistema de transmiss\u00e3o ao vivo da Stickler...","rel":"","context":"Post similar","block_context":{"text":"Post similar","link":""},"img":{"alt_text":"","src":"https:\/\/i0.wp.com\/stickler.live\/wp-content\/uploads\/2024\/12\/sales-attribution.png?resize=350%2C200&ssl=1","width":350,"height":200,"srcset":"https:\/\/i0.wp.com\/stickler.live\/wp-content\/uploads\/2024\/12\/sales-attribution.png?resize=350%2C200&ssl=1 1x, https:\/\/i0.wp.com\/stickler.live\/wp-content\/uploads\/2024\/12\/sales-attribution.png?resize=525%2C300&ssl=1 1.5x, https:\/\/i0.wp.com\/stickler.live\/wp-content\/uploads\/2024\/12\/sales-attribution.png?resize=700%2C400&ssl=1 2x"},"classes":[]},{"id":2702,"url":"https:\/\/stickler.live\/br\/tiktok-shop-livestream-analytics-with-auto-reporting\/","url_meta":{"origin":3224,"position":1},"title":"TikTok Shop Livestream Analytics com relat\u00f3rios autom\u00e1ticos","author":"Yongman","date":"27th novembro 2024","format":false,"excerpt":"Transforme o desempenho da sua loja TikTok com insights orientados por dados Comece a usar GRATUITAMENTE Fale conosco N\u00e3o \u00e9 necess\u00e1rio cart\u00e3o de cr\u00e9dito A integra\u00e7\u00e3o avan\u00e7ada da Stickler com a loja TikTok oferece visibilidade completa do desempenho da sua transmiss\u00e3o ao vivo, com relat\u00f3rios automatizados entregues diretamente na sua caixa de entrada. A melhor solu\u00e7\u00e3o de com\u00e9rcio ao vivo A Stickler n\u00e3o \u00e9 apenas mais uma ferramenta....","rel":"","context":"Post similar","block_context":{"text":"Post similar","link":""},"img":{"alt_text":"","src":"https:\/\/i0.wp.com\/stickler.live\/wp-content\/uploads\/2024\/12\/Key-Use-Cases-1.png?resize=350%2C200&ssl=1","width":350,"height":200,"srcset":"https:\/\/i0.wp.com\/stickler.live\/wp-content\/uploads\/2024\/12\/Key-Use-Cases-1.png?resize=350%2C200&ssl=1 1x, https:\/\/i0.wp.com\/stickler.live\/wp-content\/uploads\/2024\/12\/Key-Use-Cases-1.png?resize=525%2C300&ssl=1 1.5x, https:\/\/i0.wp.com\/stickler.live\/wp-content\/uploads\/2024\/12\/Key-Use-Cases-1.png?resize=700%2C400&ssl=1 2x"},"classes":[]},{"id":2965,"url":"https:\/\/stickler.live\/br\/analitik-siaran-langsung-tiktok-shop\/","url_meta":{"origin":3224,"position":2},"title":"Analitik Siaran Langsung TikTok Shop","author":"Yongman","date":"17th dezembro 2024","format":false,"excerpt":"Otimize sua estrat\u00e9gia de com\u00e9rcio ao vivo com a integra\u00e7\u00e3o do TikTok Shop com a Stickler, que oferece um servi\u00e7o de gerenciamento de informa\u00e7\u00f5es sobre o gerenciamento do TikTok Shop. Como obter uma estrat\u00e9gia para o TikTok Shop? Por favor, informe-se sobre a an\u00e1lise de dados de clientes...","rel":"","context":"Post similar","block_context":{"text":"Post similar","link":""},"img":{"alt_text":"","src":"https:\/\/i0.wp.com\/stickler.live\/wp-content\/uploads\/2024\/12\/Hero-image-Landing-Page-Live-Stream-Analytics.png?resize=350%2C200&ssl=1","width":350,"height":200,"srcset":"https:\/\/i0.wp.com\/stickler.live\/wp-content\/uploads\/2024\/12\/Hero-image-Landing-Page-Live-Stream-Analytics.png?resize=350%2C200&ssl=1 1x, https:\/\/i0.wp.com\/stickler.live\/wp-content\/uploads\/2024\/12\/Hero-image-Landing-Page-Live-Stream-Analytics.png?resize=525%2C300&ssl=1 1.5x, https:\/\/i0.wp.com\/stickler.live\/wp-content\/uploads\/2024\/12\/Hero-image-Landing-Page-Live-Stream-Analytics.png?resize=700%2C400&ssl=1 2x"},"classes":[]},{"id":2626,"url":"https:\/\/stickler.live\/br\/your-complete-solution-for-live-commerce\/","url_meta":{"origin":3224,"position":3},"title":"Sua solu\u00e7\u00e3o completa para o Live Commerce","author":"Yongman","date":"27th novembro 2024","format":false,"excerpt":"Tudo o que voc\u00ea precisa para ter sucesso no com\u00e9rcio ao vivo Comece a usar GRATUITAMENTE Fale conosco N\u00e3o \u00e9 necess\u00e1rio cart\u00e3o de cr\u00e9dito A Stickler \u00e9 a plataforma definitiva para planejar, executar e otimizar o com\u00e9rcio ao vivo em escala. N\u00e3o importa se voc\u00ea est\u00e1 realizando transmiss\u00f5es ao vivo no TikTok Shop ou em outras plataformas, a Stickler o equipa com as ferramentas para...","rel":"","context":"Post similar","block_context":{"text":"Post similar","link":""},"img":{"alt_text":"","src":"https:\/\/i0.wp.com\/stickler.live\/wp-content\/uploads\/2023\/11\/Title-Image_amended.png?resize=350%2C200&ssl=1","width":350,"height":200,"srcset":"https:\/\/i0.wp.com\/stickler.live\/wp-content\/uploads\/2023\/11\/Title-Image_amended.png?resize=350%2C200&ssl=1 1x, https:\/\/i0.wp.com\/stickler.live\/wp-content\/uploads\/2023\/11\/Title-Image_amended.png?resize=525%2C300&ssl=1 1.5x, https:\/\/i0.wp.com\/stickler.live\/wp-content\/uploads\/2023\/11\/Title-Image_amended.png?resize=700%2C400&ssl=1 2x"},"classes":[]},{"id":2987,"url":"https:\/\/stickler.live\/br\/analitik-siaran-langsung-tiktok-shop-dengan-pelaporan-otomatis\/","url_meta":{"origin":3224,"position":4},"title":"An\u00e1lise do comportamento dos usu\u00e1rios da loja do TikTok em rela\u00e7\u00e3o ao Pelaporan Otomatis","author":"Yongman","date":"17th dezembro 2024","format":false,"excerpt":"Transforma a loja do TikTok em uma loja com acesso a dados gratuitos, com pagamento de taxas de cr\u00e9dito e cr\u00e9dito. A Stickler, por meio da loja do TikTok, permite que o usu\u00e1rio tenha visibilidade de suas informa\u00e7\u00f5es sobre a loja, al\u00e9m de fornecer dados sobre os usu\u00e1rios na caixa de entrada. A solu\u00e7\u00e3o Stickler Live \u00e9 uma solu\u00e7\u00e3o de gerenciamento ao vivo que pode ser encontrada em ....","rel":"","context":"Post similar","block_context":{"text":"Post similar","link":""},"img":{"alt_text":"","src":"https:\/\/i0.wp.com\/stickler.live\/wp-content\/uploads\/2024\/12\/Understand-What-Drives-Results.png?resize=350%2C200&ssl=1","width":350,"height":200,"srcset":"https:\/\/i0.wp.com\/stickler.live\/wp-content\/uploads\/2024\/12\/Understand-What-Drives-Results.png?resize=350%2C200&ssl=1 1x, https:\/\/i0.wp.com\/stickler.live\/wp-content\/uploads\/2024\/12\/Understand-What-Drives-Results.png?resize=525%2C300&ssl=1 1.5x, https:\/\/i0.wp.com\/stickler.live\/wp-content\/uploads\/2024\/12\/Understand-What-Drives-Results.png?resize=700%2C400&ssl=1 2x"},"classes":[]},{"id":252,"url":"https:\/\/stickler.live\/br\/","url_meta":{"origin":3224,"position":5},"title":"Tecnologia de com\u00e9rcio social e ao vivo da Stickler","author":"Richard Crossman","date":"23rd junho 2022","format":false,"excerpt":"Planeje. Entrar em opera\u00e7\u00e3o. Analisar. Otimize. Maximize seus resultados no Live Commerce AVALIA\u00c7\u00c3O GRATUITA Nossa avalia\u00e7\u00e3o sem cart\u00e3o de cr\u00e9dito oferece at\u00e9 20 horas de funcionalidade completa para gerenciar e dimensionar seu Live Commerce: Obtenha an\u00e1lises completas do Live, ferramentas de hospedagem e modera\u00e7\u00e3o, relat\u00f3rios autom\u00e1ticos, seguran\u00e7a da marca e rastreamento de afiliados e varejistas. Registre-se, conecte seu...","rel":"","context":"Post similar","block_context":{"text":"Post similar","link":""},"img":{"alt_text":"","src":"https:\/\/i0.wp.com\/stickler.live\/wp-content\/uploads\/2023\/11\/Title-Image_amended.png?resize=350%2C200&ssl=1","width":350,"height":200,"srcset":"https:\/\/i0.wp.com\/stickler.live\/wp-content\/uploads\/2023\/11\/Title-Image_amended.png?resize=350%2C200&ssl=1 1x, https:\/\/i0.wp.com\/stickler.live\/wp-content\/uploads\/2023\/11\/Title-Image_amended.png?resize=525%2C300&ssl=1 1.5x, https:\/\/i0.wp.com\/stickler.live\/wp-content\/uploads\/2023\/11\/Title-Image_amended.png?resize=700%2C400&ssl=1 2x"},"classes":[]}],"_links":{"self":[{"href":"https:\/\/stickler.live\/br\/wp-json\/wp\/v2\/pages\/3224","targetHints":{"allow":["GET"]}}],"collection":[{"href":"https:\/\/stickler.live\/br\/wp-json\/wp\/v2\/pages"}],"about":[{"href":"https:\/\/stickler.live\/br\/wp-json\/wp\/v2\/types\/page"}],"author":[{"embeddable":true,"href":"https:\/\/stickler.live\/br\/wp-json\/wp\/v2\/users\/241416937"}],"replies":[{"embeddable":true,"href":"https:\/\/stickler.live\/br\/wp-json\/wp\/v2\/comments?post=3224"}],"version-history":[{"count":0,"href":"https:\/\/stickler.live\/br\/wp-json\/wp\/v2\/pages\/3224\/revisions"}],"wp:featuredmedia":[{"embeddable":true,"href":"https:\/\/stickler.live\/br\/wp-json\/wp\/v2\/media\/3244"}],"wp:attachment":[{"href":"https:\/\/stickler.live\/br\/wp-json\/wp\/v2\/media?parent=3224"}],"curies":[{"name":"wp","href":"https:\/\/api.w.org\/{rel}","templated":true}]}}