{"id":255,"date":"2022-06-23T08:42:06","date_gmt":"2022-06-23T08:42:06","guid":{"rendered":"https:\/\/ainoblocks.io\/theme-solarone\/?page_id=12"},"modified":"2025-11-02T06:13:56","modified_gmt":"2025-11-02T06:13:56","slug":"contato","status":"publish","type":"page","link":"https:\/\/stickler.live\/br\/contact\/","title":{"rendered":"Contato"},"content":{"rendered":"<div class=\"wp-block-group alignfull has-background-primary-background-color has-background pt__13 pb__18 is-layout-flow wp-block-group-is-layout-flow\">\n<div class=\"wp-block-ainoblocks-grid-container alignwide ab-grid-block col-gap-l\">\n<div class=\"wp-block-ainoblocks-grid-item col_start_d__2 col_end_d__6 col_start_t__1 col_end_t__7 col_start_m__1 col_end_m__13 no-stacking align-self__start justify-self__start\">\n<h1 class=\"wp-block-heading has-font-primary-color has-text-color has-text-5-xl-font-size pt__1\" id=\"h-talk-to-us\">Fale conosco!<\/h1>\n\n\n\n<p class=\"has-font-secondary-color has-text-color pt__5 pb__12 wp-block-paragraph\">Entre em contato conosco para descobrir como podemos impulsionar o sucesso de seu Live Commerce.<\/p>\n\n\n\n<p class=\"wp-block-paragraph\">Saiba mais sobre a equipe por tr\u00e1s da Stickler <a href=\"http:\/\/stickler.live\/br\/sobre\/\"><strong><span style=\"text-decoration: underline;\">aqui.<\/span><\/strong><\/a><\/p>\n<\/div>\n\n\n\n<div class=\"wp-block-ainoblocks-grid-item col_start_d__8 col_end_d__12 col_start_t__8 col_end_t__13 col_start_m__1 col_end_m__13 align-self__start no-stacking justify-self__start\">\n<figure class=\"wp-block-image size-full is-resized has-custom-border br-all__l\"><img decoding=\"async\" width=\"751\" height=\"751\" data-attachment-id=\"554\" data-permalink=\"https:\/\/stickler.live\/br\/contact\/group-60619\/\" data-orig-file=\"https:\/\/stickler.live\/wp-content\/uploads\/2023\/11\/Group-60619.png\" data-orig-size=\"751,751\" data-comments-opened=\"1\" data-image-meta=\"{&quot;aperture&quot;:&quot;0&quot;,&quot;credit&quot;:&quot;&quot;,&quot;camera&quot;:&quot;&quot;,&quot;caption&quot;:&quot;&quot;,&quot;created_timestamp&quot;:&quot;0&quot;,&quot;copyright&quot;:&quot;&quot;,&quot;focal_length&quot;:&quot;0&quot;,&quot;iso&quot;:&quot;0&quot;,&quot;shutter_speed&quot;:&quot;0&quot;,&quot;title&quot;:&quot;&quot;,&quot;orientation&quot;:&quot;0&quot;}\" data-image-title=\"Group-60619\" data-image-description=\"\" data-image-caption=\"\" data-medium-file=\"https:\/\/stickler.live\/wp-content\/uploads\/2023\/11\/Group-60619.png\" data-large-file=\"https:\/\/stickler.live\/wp-content\/uploads\/2023\/11\/Group-60619.png\" data-src=\"https:\/\/stickler.live\/wp-content\/smush-webp\/2023\/11\/Group-60619.png.webp\" alt=\"\" class=\"wp-image-554 lazyload\" style=\"--smush-placeholder-width: 751px; --smush-placeholder-aspect-ratio: 751\/751;border-radius:32px;width:350px;height:auto\" src=\"data:image\/svg+xml;base64,PHN2ZyB3aWR0aD0iMSIgaGVpZ2h0PSIxIiB4bWxucz0iaHR0cDovL3d3dy53My5vcmcvMjAwMC9zdmciPjwvc3ZnPg==\" \/><\/figure>\n<\/div>\n<\/div>\n\n\n\n<div class=\"wp-block-ainoblocks-grid-container alignwide ab-grid-block col-gap-l\">\n<div class=\"wp-block-ainoblocks-grid-item col_start_d__2 col_end_d__7 col_start_t__1 col_end_t__7 col_start_m__1 col_end_m__13 justify-self__stretch no-stacking align-self__start pt__13\">\n<h2 class=\"wp-block-heading has-font-primary-color has-text-color has-text-l-font-size pt__1 pb__5\" id=\"h-write-us-a-message\">Escreva-nos uma mensagem<\/h2>\n\n\n\n<div class=\"wp-block-contact-form-7-contact-form-selector form-rounded form-fullwidth\">\n<div class=\"wpcf7 no-js\" id=\"wpcf7-f546-o1\" lang=\"en-GB\" dir=\"ltr\" data-wpcf7-id=\"546\">\n<div class=\"screen-reader-response\"><p role=\"status\" aria-live=\"polite\" aria-atomic=\"true\"><\/p> <ul><\/ul><\/div>\n<form action=\"\/br\/wp-json\/wp\/v2\/pages\/255#wpcf7-f546-o1\" method=\"post\" class=\"wpcf7-form init\" aria-label=\"Formul\u00e1rio de contato\" novalidate=\"novalidate\" data-status=\"init\" data-trp-original-action=\"\/br\/wp-json\/wp\/v2\/pages\/255#wpcf7-f546-o1\">\n<fieldset class=\"hidden-fields-container\"><input type=\"hidden\" name=\"_wpcf7\" value=\"546\" \/><input type=\"hidden\" name=\"_wpcf7_version\" value=\"6.1.5\" \/><input type=\"hidden\" name=\"_wpcf7_locale\" value=\"en_GB\" \/><input type=\"hidden\" name=\"_wpcf7_unit_tag\" value=\"wpcf7-f546-o1\" \/><input type=\"hidden\" name=\"_wpcf7_container_post\" value=\"0\" \/><input type=\"hidden\" name=\"_wpcf7_posted_data_hash\" value=\"\" \/>\n<\/fieldset>\n<p><label> Seu nome<br \/>\n<span class=\"wpcf7-form-control-wrap\" data-name=\"your-name\"><input size=\"40\" maxlength=\"400\" class=\"wpcf7-form-control wpcf7-text wpcf7-validates-as-required\" autocomplete=\"name\" aria-required=\"true\" aria-invalid=\"false\" value=\"\" type=\"text\" name=\"your-name\" \/><\/span> <\/label>\n<\/p>\n<p><label> Seu e-mail<br \/>\n<span class=\"wpcf7-form-control-wrap\" data-name=\"your-email\"><input size=\"40\" maxlength=\"400\" class=\"wpcf7-form-control wpcf7-email wpcf7-validates-as-required wpcf7-text wpcf7-validates-as-email\" autocomplete=\"email\" aria-required=\"true\" aria-invalid=\"false\" value=\"\" type=\"email\" name=\"your-email\" \/><\/span> <\/label>\n<\/p>\n<p><label> Assunto<br \/>\n<span class=\"wpcf7-form-control-wrap\" data-name=\"your-subject\"><input size=\"40\" maxlength=\"400\" class=\"wpcf7-form-control wpcf7-text wpcf7-validates-as-required\" aria-required=\"true\" aria-invalid=\"false\" value=\"\" type=\"text\" name=\"your-subject\" \/><\/span> <\/label>\n<\/p>\n<p><label> Sua mensagem (opcional)<br \/>\n<span class=\"wpcf7-form-control-wrap\" data-name=\"your-message\"><textarea cols=\"40\" rows=\"10\" maxlength=\"2000\" class=\"wpcf7-form-control wpcf7-textarea\" aria-invalid=\"false\" name=\"your-message\"><\/textarea><\/span> <\/label>\n<\/p>\n<p><input class=\"wpcf7-form-control wpcf7-submit has-spinner\" type=\"submit\" value=\"Enviar\" \/>\n<\/p><p style=\"display: none !important;\" class=\"akismet-fields-container\" data-prefix=\"_wpcf7_ak_\"><label>\u0394<textarea name=\"_wpcf7_ak_hp_textarea\" cols=\"45\" rows=\"8\" maxlength=\"100\"><\/textarea><\/label><input type=\"hidden\" id=\"ak_js_1\" name=\"_wpcf7_ak_js\" value=\"234\"\/><script>document.getElementById( \"ak_js_1\" ).setAttribute( \"value\", ( new Date() ).getTime() );<\/script><\/p><div class=\"wpcf7-response-output\" aria-hidden=\"true\"><\/div>\n<input type=\"hidden\" name=\"trp-form-language\" value=\"br\"\/><\/form>\n<\/div>\n<\/div>\n<\/div>\n\n\n\n<div class=\"wp-block-ainoblocks-grid-item col_start_d__9 col_end_d__11 col_start_t__8 col_end_t__13 col_start_m__1 col_end_m__13 no-stacking align-self__start justify-self__start pt__13\">\n<h2 class=\"wp-block-heading has-font-primary-color has-text-color has-text-l-font-size pb__5\" id=\"h-prefer-email\">Prefere o e-mail?<\/h2>\n\n\n\n<p class=\"has-text-xs-font-size pt__1 wp-block-paragraph\">Estamos aqui para ajud\u00e1-lo de todas as formas poss\u00edveis. Envie um e-mail para <a href=\"mailto:info@stickler.live\">hello@stickler.live<\/a> e entraremos em contato com voc\u00ea em um dia \u00fatil.<\/p>\n\n\n\n<h2 class=\"wp-block-heading has-font-primary-color has-text-color has-text-l-font-size pt__10 pb__5\" id=\"h-our-office\">Nosso escrit\u00f3rio<\/h2>\n\n\n\n<p class=\"has-text-xs-font-size pt__1 wp-block-paragraph\">160 Robinson Road, 14-04, Cingapura 068914<\/p>\n<\/div>\n<\/div>\n<\/div>","protected":false},"excerpt":{"rendered":"","protected":false},"author":241416931,"featured_media":0,"parent":0,"menu_order":0,"comment_status":"closed","ping_status":"closed","template":"header-footer","meta":{"_crdt_document":"","jetpack_post_was_ever_published":false,"footnotes":""},"class_list":["post-255","page","type-page","status-publish","hentry"],"jetpack_likes_enabled":true,"jetpack_sharing_enabled":true,"jetpack-related-posts":[{"id":692,"url":"https:\/\/stickler.live\/br\/privacy-policy\/","url_meta":{"origin":255,"position":0},"title":"Pol\u00edtica de privacidade","author":"Richard Crossman","date":"9th janeiro 2024","format":false,"excerpt":"Sua privacidade \u00e9 importante para a Stickler Pte Ltd, nossas subsidi\u00e1rias e afiliadas (Stickler, N\u00f3s, N\u00f3s ou Nosso). A Stickler tem o compromisso de proteger sua privacidade e cumprir suas obriga\u00e7\u00f5es de acordo com os regulamentos de prote\u00e7\u00e3o de dados relevantes, em particular os regulamentos do Regulamento Geral de Prote\u00e7\u00e3o de Dados da UE (GDPR) e a Lei de Prote\u00e7\u00e3o de Dados Pessoais de Cingapura (PDPA).","rel":"","context":"Post similar","block_context":{"text":"Post similar","link":""},"img":{"alt_text":"","src":"","width":0,"height":0},"classes":[]},{"id":1418,"url":"https:\/\/stickler.live\/br\/livescope\/","url_meta":{"origin":255,"position":1},"title":"LiveScope","author":"Richard Crossman","date":"20th maio 2024","format":false,"excerpt":"Rastreie e analise as transmiss\u00f5es ao vivo do TikTok A primeira ferramenta de monitoramento de com\u00e9rcio ao vivo do mundo, a \u00fanica op\u00e7\u00e3o para monitoramento e insights competitivos Inscreva-se gratuitamente hoje Solicite uma demonstra\u00e7\u00e3o At\u00e9 o momento, capturamos... Mais de 67 mil transmiss\u00f5es ao vivo Mais de 145 mil horas de transmiss\u00e3o ao vivo Mais de 2000 marcas rastreadas Rastreie qualquer conta no TikTok M\u00e9tricas de espectadores M\u00e9tricas de engajamento...","rel":"","context":"Post similar","block_context":{"text":"Post similar","link":""},"img":{"alt_text":"retrospectively-watch","src":"https:\/\/i0.wp.com\/stickler.live\/wp-content\/uploads\/2024\/05\/retrospectively-watch.jpeg?resize=350%2C200&ssl=1","width":350,"height":200,"srcset":"https:\/\/i0.wp.com\/stickler.live\/wp-content\/uploads\/2024\/05\/retrospectively-watch.jpeg?resize=350%2C200&ssl=1 1x, https:\/\/i0.wp.com\/stickler.live\/wp-content\/uploads\/2024\/05\/retrospectively-watch.jpeg?resize=525%2C300&ssl=1 1.5x, https:\/\/i0.wp.com\/stickler.live\/wp-content\/uploads\/2024\/05\/retrospectively-watch.jpeg?resize=700%2C400&ssl=1 2x"},"classes":[]},{"id":252,"url":"https:\/\/stickler.live\/br\/","url_meta":{"origin":255,"position":2},"title":"Tecnologia de com\u00e9rcio social e ao vivo da Stickler","author":"Richard Crossman","date":"23rd junho 2022","format":false,"excerpt":"Planeje. Entrar em opera\u00e7\u00e3o. Analisar. Otimize. Maximize seus resultados no Live Commerce AVALIA\u00c7\u00c3O GRATUITA Nossa avalia\u00e7\u00e3o sem cart\u00e3o de cr\u00e9dito oferece at\u00e9 20 horas de funcionalidade completa para gerenciar e dimensionar seu Live Commerce: Obtenha an\u00e1lises completas do Live, ferramentas de hospedagem e modera\u00e7\u00e3o, relat\u00f3rios autom\u00e1ticos, seguran\u00e7a da marca e rastreamento de afiliados e varejistas. Registre-se, conecte seu...","rel":"","context":"Post similar","block_context":{"text":"Post similar","link":""},"img":{"alt_text":"","src":"https:\/\/i0.wp.com\/stickler.live\/wp-content\/uploads\/2023\/11\/Title-Image_amended.png?resize=350%2C200&ssl=1","width":350,"height":200,"srcset":"https:\/\/i0.wp.com\/stickler.live\/wp-content\/uploads\/2023\/11\/Title-Image_amended.png?resize=350%2C200&ssl=1 1x, https:\/\/i0.wp.com\/stickler.live\/wp-content\/uploads\/2023\/11\/Title-Image_amended.png?resize=525%2C300&ssl=1 1.5x, https:\/\/i0.wp.com\/stickler.live\/wp-content\/uploads\/2023\/11\/Title-Image_amended.png?resize=700%2C400&ssl=1 2x"},"classes":[]},{"id":695,"url":"https:\/\/stickler.live\/br\/cookie-policy\/","url_meta":{"origin":255,"position":3},"title":"Pol\u00edtica de cookies","author":"Richard Crossman","date":"9th janeiro 2024","format":false,"excerpt":"Esta pol\u00edtica \u00e9 emitida pela Stickler Pte Ltd. Esta pol\u00edtica se aplica ao nosso uso de \"cookies\" em conex\u00e3o com os sites www.stickler.live e www.livescope.ai e app.stickler.live (Sites). Se voc\u00ea n\u00e3o concordar com os termos, consulte a se\u00e7\u00e3o 4 desta Pol\u00edtica de Cookies. O que esta pol\u00edtica abrange Esta Pol\u00edtica de Cookies estabelece: O que s\u00e3o cookies? Cookies usados nos Sites...","rel":"","context":"Post similar","block_context":{"text":"Post similar","link":""},"img":{"alt_text":"","src":"","width":0,"height":0},"classes":[]},{"id":253,"url":"https:\/\/stickler.live\/br\/about\/","url_meta":{"origin":255,"position":4},"title":"Sobre","author":"Richard Crossman","date":"23rd junho 2022","format":false,"excerpt":"Stickler. Com\u00e9rcio ao vivo. Melhor. Somos uma empresa de tecnologia de com\u00e9rcio eletr\u00f4nico com um diferencial. Trabalhamos com TSPs, ag\u00eancias, consultorias e os maiores clientes do mundo para viabilizar um Live Commerce escalonado e eficaz. Somos um ISV, um parceiro de plataformas, aumentamos a oferta de com\u00e9rcio ao vivo nativo...","rel":"","context":"Post similar","block_context":{"text":"Post similar","link":""},"img":{"alt_text":"","src":"https:\/\/i0.wp.com\/stickler.live\/wp-content\/uploads\/2025\/11\/YMW2.png?resize=350%2C200&ssl=1","width":350,"height":200,"srcset":"https:\/\/i0.wp.com\/stickler.live\/wp-content\/uploads\/2025\/11\/YMW2.png?resize=350%2C200&ssl=1 1x, https:\/\/i0.wp.com\/stickler.live\/wp-content\/uploads\/2025\/11\/YMW2.png?resize=525%2C300&ssl=1 1.5x, https:\/\/i0.wp.com\/stickler.live\/wp-content\/uploads\/2025\/11\/YMW2.png?resize=700%2C400&ssl=1 2x"},"classes":[]},{"id":256,"url":"https:\/\/stickler.live\/br\/pricing\/","url_meta":{"origin":255,"position":5},"title":"Pre\u00e7os","author":"Richard Crossman","date":"23rd junho 2022","format":false,"excerpt":"STICKLER Fa\u00e7a upgrade para nossas assinaturas premium e obtenha um conjunto avan\u00e7ado de ferramentas e an\u00e1lises de transmiss\u00e3o ao vivo, incluindo m\u00e9tricas de envolvimento em tempo real, recursos de resposta interativa, an\u00e1lise de sentimentos e relat\u00f3rios detalhados FREE Monthly $0 Sign up Acesse integra\u00e7\u00f5es do TikTok e do Shopee, importa\u00e7\u00e3o de produtos e ferramentas de host e modera\u00e7\u00e3o com visualiza\u00e7\u00e3o ao vivo, com suporte para at\u00e9 3 usu\u00e1rios sem custo. TikTok e...","rel":"","context":"Post similar","block_context":{"text":"Post similar","link":""},"img":{"alt_text":"","src":"","width":0,"height":0},"classes":[]}],"_links":{"self":[{"href":"https:\/\/stickler.live\/br\/wp-json\/wp\/v2\/pages\/255","targetHints":{"allow":["GET"]}}],"collection":[{"href":"https:\/\/stickler.live\/br\/wp-json\/wp\/v2\/pages"}],"about":[{"href":"https:\/\/stickler.live\/br\/wp-json\/wp\/v2\/types\/page"}],"author":[{"embeddable":true,"href":"https:\/\/stickler.live\/br\/wp-json\/wp\/v2\/users\/241416931"}],"replies":[{"embeddable":true,"href":"https:\/\/stickler.live\/br\/wp-json\/wp\/v2\/comments?post=255"}],"version-history":[{"count":0,"href":"https:\/\/stickler.live\/br\/wp-json\/wp\/v2\/pages\/255\/revisions"}],"wp:attachment":[{"href":"https:\/\/stickler.live\/br\/wp-json\/wp\/v2\/media?parent=255"}],"curies":[{"name":"wp","href":"https:\/\/api.w.org\/{rel}","templated":true}]}}